{"id":119030,"date":"2019-09-11T15:30:08","date_gmt":"2019-09-11T13:30:08","guid":{"rendered":"https:\/\/zahnzentrum-kronberg.de\/service\/"},"modified":"2026-02-24T18:12:06","modified_gmt":"2026-02-24T17:12:06","slug":"service","status":"publish","type":"page","link":"https:\/\/zahnzentrum-kronberg.de\/en\/service\/","title":{"rendered":"Service"},"content":{"rendered":"\t\t<div data-elementor-type=\"wp-page\" data-elementor-id=\"119030\" class=\"elementor elementor-119030 elementor-79204\" data-elementor-post-type=\"page\">\n\t\t\t\t<div class=\"elementor-element elementor-element-c5922f8 e-flex e-con-boxed e-con e-parent\" data-id=\"c5922f8\" data-element_type=\"container\" data-e-type=\"container\">\n\t\t\t\t\t<div class=\"e-con-inner\">\n\t\t<div class=\"elementor-element elementor-element-f325bb1 e-con-full e-flex e-con e-child\" data-id=\"f325bb1\" data-element_type=\"container\" data-e-type=\"container\">\n\t\t\t\t<div class=\"elementor-element elementor-element-b9d7cb1 elementor-widget elementor-widget-heading\" data-id=\"b9d7cb1\" data-element_type=\"widget\" data-e-type=\"widget\" data-widget_type=\"heading.default\">\n\t\t\t\t<div class=\"elementor-widget-container\">\n\t\t\t\t\t<h1 class=\"elementor-heading-title elementor-size-default\">Our Service for You <\/h1>\t\t\t\t<\/div>\n\t\t\t\t<\/div>\n\t\t\t\t<div class=\"elementor-element elementor-element-cc643a5 elementor-widget elementor-widget-heading\" data-id=\"cc643a5\" data-element_type=\"widget\" data-e-type=\"widget\" data-widget_type=\"heading.default\">\n\t\t\t\t<div class=\"elementor-widget-container\">\n\t\t\t\t\t<h2 class=\"elementor-heading-title elementor-size-default\">Comprehensive care, anytime <\/h2>\t\t\t\t<\/div>\n\t\t\t\t<\/div>\n\t\t\t\t<div class=\"elementor-element elementor-element-9e306ad elementor-widget__width-initial elementor-widget elementor-widget-text-editor\" data-id=\"9e306ad\" data-element_type=\"widget\" data-e-type=\"widget\" data-widget_type=\"text-editor.default\">\n\t\t\t\t<div class=\"elementor-widget-container\">\n\t\t\t\t\t\t\t\t\t<p>At Dr. Baumstark &amp; Colleagues dental practice, we want to make your dental visit as comfortable as possible. That&#8217;s why, in addition to expert treatment, we offer comprehensive service and optimal care \u2013 for your well-being! <\/p><p class=\"text-center\">Below, we would like to provide you with an overview of our extensive services. <a href=\"https:\/\/zahnzentrum-kronberg.de\/services\/neupatientenservice\/\"><strong>New patients<\/strong><\/a> and <a href=\"https:\/\/zahnzentrum-kronberg.de\/services\/allergiepatienten\/\"><strong>allergy patients<\/strong><\/a> will find essential information here in advance of their visit to our practice in Kronberg. For our patients with demanding professional schedules, we offer extended daily consultation hours from 8 AM to 8 PM. We also inform you about our special <a href=\"https:\/\/zahnzentrum-kronberg.de\/services\/implantologiesprechstunde\/\"><strong>implant consultation<\/strong><\/a> and our <a href=\"https:\/\/zahnzentrum-kronberg.de\/services\/recallservice\/\"><strong>recall service<\/strong><\/a> as further advisory and treatment services.  <\/p><p class=\"text-center\">Our <a href=\"https:\/\/zahnzentrum-kronberg.de\/services\/kooperationspartner\/\"><strong>Cooperation Partners<\/strong><\/a> section offers you information about your Dr. Baumstark &amp; Colleagues dental practice and our comprehensive network of expertise. Finally, in our <a href=\"https:\/\/zahnzentrum-kronberg.de\/services\/downloads\/\"><strong>Download Area<\/strong><\/a>, you will find important information and documents that you can conveniently access from home. <\/p>\t\t\t\t\t\t\t\t<\/div>\n\t\t\t\t<\/div>\n\t\t\t\t<\/div>\n\t\t\t\t\t<\/div>\n\t\t\t\t<\/div>\n\t\t\t\t<\/div>\n\t\t","protected":false},"excerpt":{"rendered":"<p>Our Service for You Comprehensive care, anytime At Dr. Baumstark &amp; Colleagues dental practice, we want to make your dental visit as comfortable as possible. That&#8217;s why, in addition to expert treatment, we offer comprehensive service and optimal care \u2013 for your well-being! Below, we would like to provide you with an overview of our [&hellip;]<\/p>\n","protected":false},"author":2,"featured_media":118854,"parent":0,"menu_order":0,"comment_status":"closed","ping_status":"closed","template":"","meta":{"_acf_changed":false,"iawp_total_views":0,"footnotes":""},"folder":[],"class_list":["post-119030","page","type-page","status-publish","has-post-thumbnail","hentry"],"acf":[],"yoast_head":"<!-- This site is optimized with the Yoast SEO plugin v27.2 - https:\/\/yoast.com\/product\/yoast-seo-wordpress\/ -->\n<title>Service - Baumstark Zahn\u00e4rzte<\/title>\n<meta name=\"description\" content=\"Our Service at the Kronberg Dental Center: Comprehensive care, extended consultation hours, recall service, implant consultation, information for new &amp; allergy patients.\" \/>\n<meta name=\"robots\" content=\"index, follow, max-snippet:-1, max-image-preview:large, max-video-preview:-1\" \/>\n<link rel=\"canonical\" href=\"https:\/\/zahnzentrum-kronberg.de\/en\/service\/\" \/>\n<meta property=\"og:locale\" content=\"en_US\" \/>\n<meta property=\"og:type\" content=\"article\" \/>\n<meta property=\"og:title\" content=\"Service - Baumstark Zahn\u00e4rzte\" \/>\n<meta property=\"og:description\" content=\"Our Service at the Kronberg Dental Center: Comprehensive care, extended consultation hours, recall service, implant consultation, information for new &amp; allergy patients.\" \/>\n<meta property=\"og:url\" content=\"https:\/\/zahnzentrum-kronberg.de\/en\/service\/\" \/>\n<meta property=\"og:site_name\" content=\"Baumstark Zahn\u00e4rzte\" \/>\n<meta property=\"article:modified_time\" content=\"2026-02-24T17:12:06+00:00\" \/>\n<meta property=\"og:image\" content=\"https:\/\/zahnzentrum-kronberg.de\/wp-content\/uploads\/2023\/12\/csm_04-Service-Einleitung-5198_f77facc35d.jpg\" \/>\n\t<meta property=\"og:image:width\" content=\"1797\" \/>\n\t<meta property=\"og:image:height\" content=\"1011\" \/>\n\t<meta property=\"og:image:type\" content=\"image\/jpeg\" \/>\n<meta name=\"twitter:card\" content=\"summary_large_image\" \/>\n<meta name=\"twitter:label1\" content=\"Est. reading time\" \/>\n\t<meta name=\"twitter:data1\" content=\"1 minute\" \/>\n<script type=\"application\/ld+json\" class=\"yoast-schema-graph\">{\"@context\":\"https:\/\/schema.org\",\"@graph\":[{\"@type\":\"WebPage\",\"@id\":\"https:\/\/zahnzentrum-kronberg.de\/en\/service\/\",\"url\":\"https:\/\/zahnzentrum-kronberg.de\/en\/service\/\",\"name\":\"Service - Baumstark Zahn\u00e4rzte\",\"isPartOf\":{\"@id\":\"https:\/\/zahnzentrum-kronberg.de\/en\/#website\"},\"primaryImageOfPage\":{\"@id\":\"https:\/\/zahnzentrum-kronberg.de\/en\/service\/#primaryimage\"},\"image\":{\"@id\":\"https:\/\/zahnzentrum-kronberg.de\/en\/service\/#primaryimage\"},\"thumbnailUrl\":\"https:\/\/zahnzentrum-kronberg.de\/wp-content\/uploads\/2023\/12\/csm_04-Service-Einleitung-5198_f77facc35d.jpg\",\"datePublished\":\"2019-09-11T13:30:08+00:00\",\"dateModified\":\"2026-02-24T17:12:06+00:00\",\"description\":\"Our Service at the Kronberg Dental Center: Comprehensive care, extended consultation hours, recall service, implant consultation, information for new & allergy patients.\",\"breadcrumb\":{\"@id\":\"https:\/\/zahnzentrum-kronberg.de\/en\/service\/#breadcrumb\"},\"inLanguage\":\"en-US\",\"potentialAction\":[{\"@type\":\"ReadAction\",\"target\":[\"https:\/\/zahnzentrum-kronberg.de\/en\/service\/\"]}]},{\"@type\":\"ImageObject\",\"inLanguage\":\"en-US\",\"@id\":\"https:\/\/zahnzentrum-kronberg.de\/en\/service\/#primaryimage\",\"url\":\"https:\/\/zahnzentrum-kronberg.de\/wp-content\/uploads\/2023\/12\/csm_04-Service-Einleitung-5198_f77facc35d.jpg\",\"contentUrl\":\"https:\/\/zahnzentrum-kronberg.de\/wp-content\/uploads\/2023\/12\/csm_04-Service-Einleitung-5198_f77facc35d.jpg\",\"width\":1797,\"height\":1011,\"caption\":\"Eine Frau in einem schwarzen Blazer und einem wei\u00dfen Oberteil l\u00e4chelt, w\u00e4hrend sie sich mit einem Mann in einem wei\u00dfen Hemd unterh\u00e4lt. Sie befinden sich in einem Innenraum, mit einem modernen, neutral get\u00f6nten Hintergrund und einer H\u00e4ngelampe \u00fcber ihnen. Der Mann ist von hinten zu sehen.\"},{\"@type\":\"BreadcrumbList\",\"@id\":\"https:\/\/zahnzentrum-kronberg.de\/en\/service\/#breadcrumb\",\"itemListElement\":[{\"@type\":\"ListItem\",\"position\":1,\"name\":\"Home\",\"item\":\"https:\/\/zahnzentrum-kronberg.de\/en\/\"},{\"@type\":\"ListItem\",\"position\":2,\"name\":\"Service\"}]},{\"@type\":\"WebSite\",\"@id\":\"https:\/\/zahnzentrum-kronberg.de\/en\/#website\",\"url\":\"https:\/\/zahnzentrum-kronberg.de\/en\/\",\"name\":\"Baumstark Zahn\u00e4rzte\",\"description\":\"Das Zahnzentrum in Kronberg\",\"publisher\":{\"@id\":\"https:\/\/zahnzentrum-kronberg.de\/en\/#organization\"},\"potentialAction\":[{\"@type\":\"SearchAction\",\"target\":{\"@type\":\"EntryPoint\",\"urlTemplate\":\"https:\/\/zahnzentrum-kronberg.de\/en\/?s={search_term_string}\"},\"query-input\":{\"@type\":\"PropertyValueSpecification\",\"valueRequired\":true,\"valueName\":\"search_term_string\"}}],\"inLanguage\":\"en-US\"},{\"@type\":\"Organization\",\"@id\":\"https:\/\/zahnzentrum-kronberg.de\/en\/#organization\",\"name\":\"Baumstark Zahn\u00e4rzte\",\"url\":\"https:\/\/zahnzentrum-kronberg.de\/en\/\",\"logo\":{\"@type\":\"ImageObject\",\"inLanguage\":\"en-US\",\"@id\":\"https:\/\/zahnzentrum-kronberg.de\/en\/#\/schema\/logo\/image\/\",\"url\":\"https:\/\/zahnzentrum-kronberg.de\/wp-content\/uploads\/2023\/11\/cropped-Baumstark-Logo-taupe.png\",\"contentUrl\":\"https:\/\/zahnzentrum-kronberg.de\/wp-content\/uploads\/2023\/11\/cropped-Baumstark-Logo-taupe.png\",\"width\":840,\"height\":504,\"caption\":\"Baumstark Zahn\u00e4rzte\"},\"image\":{\"@id\":\"https:\/\/zahnzentrum-kronberg.de\/en\/#\/schema\/logo\/image\/\"}}]}<\/script>\n<!-- \/ Yoast SEO plugin. -->","yoast_head_json":{"title":"Service - Baumstark Zahn\u00e4rzte","description":"Our Service at the Kronberg Dental Center: Comprehensive care, extended consultation hours, recall service, implant consultation, information for new & allergy patients.","robots":{"index":"index","follow":"follow","max-snippet":"max-snippet:-1","max-image-preview":"max-image-preview:large","max-video-preview":"max-video-preview:-1"},"canonical":"https:\/\/zahnzentrum-kronberg.de\/en\/service\/","og_locale":"en_US","og_type":"article","og_title":"Service - Baumstark Zahn\u00e4rzte","og_description":"Our Service at the Kronberg Dental Center: Comprehensive care, extended consultation hours, recall service, implant consultation, information for new & allergy patients.","og_url":"https:\/\/zahnzentrum-kronberg.de\/en\/service\/","og_site_name":"Baumstark Zahn\u00e4rzte","article_modified_time":"2026-02-24T17:12:06+00:00","og_image":[{"width":1797,"height":1011,"url":"https:\/\/zahnzentrum-kronberg.de\/wp-content\/uploads\/2023\/12\/csm_04-Service-Einleitung-5198_f77facc35d.jpg","type":"image\/jpeg"}],"twitter_card":"summary_large_image","twitter_misc":{"Est. reading time":"1 minute"},"schema":{"@context":"https:\/\/schema.org","@graph":[{"@type":"WebPage","@id":"https:\/\/zahnzentrum-kronberg.de\/en\/service\/","url":"https:\/\/zahnzentrum-kronberg.de\/en\/service\/","name":"Service - Baumstark Zahn\u00e4rzte","isPartOf":{"@id":"https:\/\/zahnzentrum-kronberg.de\/en\/#website"},"primaryImageOfPage":{"@id":"https:\/\/zahnzentrum-kronberg.de\/en\/service\/#primaryimage"},"image":{"@id":"https:\/\/zahnzentrum-kronberg.de\/en\/service\/#primaryimage"},"thumbnailUrl":"https:\/\/zahnzentrum-kronberg.de\/wp-content\/uploads\/2023\/12\/csm_04-Service-Einleitung-5198_f77facc35d.jpg","datePublished":"2019-09-11T13:30:08+00:00","dateModified":"2026-02-24T17:12:06+00:00","description":"Our Service at the Kronberg Dental Center: Comprehensive care, extended consultation hours, recall service, implant consultation, information for new & allergy patients.","breadcrumb":{"@id":"https:\/\/zahnzentrum-kronberg.de\/en\/service\/#breadcrumb"},"inLanguage":"en-US","potentialAction":[{"@type":"ReadAction","target":["https:\/\/zahnzentrum-kronberg.de\/en\/service\/"]}]},{"@type":"ImageObject","inLanguage":"en-US","@id":"https:\/\/zahnzentrum-kronberg.de\/en\/service\/#primaryimage","url":"https:\/\/zahnzentrum-kronberg.de\/wp-content\/uploads\/2023\/12\/csm_04-Service-Einleitung-5198_f77facc35d.jpg","contentUrl":"https:\/\/zahnzentrum-kronberg.de\/wp-content\/uploads\/2023\/12\/csm_04-Service-Einleitung-5198_f77facc35d.jpg","width":1797,"height":1011,"caption":"Eine Frau in einem schwarzen Blazer und einem wei\u00dfen Oberteil l\u00e4chelt, w\u00e4hrend sie sich mit einem Mann in einem wei\u00dfen Hemd unterh\u00e4lt. Sie befinden sich in einem Innenraum, mit einem modernen, neutral get\u00f6nten Hintergrund und einer H\u00e4ngelampe \u00fcber ihnen. Der Mann ist von hinten zu sehen."},{"@type":"BreadcrumbList","@id":"https:\/\/zahnzentrum-kronberg.de\/en\/service\/#breadcrumb","itemListElement":[{"@type":"ListItem","position":1,"name":"Home","item":"https:\/\/zahnzentrum-kronberg.de\/en\/"},{"@type":"ListItem","position":2,"name":"Service"}]},{"@type":"WebSite","@id":"https:\/\/zahnzentrum-kronberg.de\/en\/#website","url":"https:\/\/zahnzentrum-kronberg.de\/en\/","name":"Baumstark Zahn\u00e4rzte","description":"Das Zahnzentrum in Kronberg","publisher":{"@id":"https:\/\/zahnzentrum-kronberg.de\/en\/#organization"},"potentialAction":[{"@type":"SearchAction","target":{"@type":"EntryPoint","urlTemplate":"https:\/\/zahnzentrum-kronberg.de\/en\/?s={search_term_string}"},"query-input":{"@type":"PropertyValueSpecification","valueRequired":true,"valueName":"search_term_string"}}],"inLanguage":"en-US"},{"@type":"Organization","@id":"https:\/\/zahnzentrum-kronberg.de\/en\/#organization","name":"Baumstark Zahn\u00e4rzte","url":"https:\/\/zahnzentrum-kronberg.de\/en\/","logo":{"@type":"ImageObject","inLanguage":"en-US","@id":"https:\/\/zahnzentrum-kronberg.de\/en\/#\/schema\/logo\/image\/","url":"https:\/\/zahnzentrum-kronberg.de\/wp-content\/uploads\/2023\/11\/cropped-Baumstark-Logo-taupe.png","contentUrl":"https:\/\/zahnzentrum-kronberg.de\/wp-content\/uploads\/2023\/11\/cropped-Baumstark-Logo-taupe.png","width":840,"height":504,"caption":"Baumstark Zahn\u00e4rzte"},"image":{"@id":"https:\/\/zahnzentrum-kronberg.de\/en\/#\/schema\/logo\/image\/"}}]}},"_links":{"self":[{"href":"https:\/\/zahnzentrum-kronberg.de\/en\/wp-json\/wp\/v2\/pages\/119030","targetHints":{"allow":["GET"]}}],"collection":[{"href":"https:\/\/zahnzentrum-kronberg.de\/en\/wp-json\/wp\/v2\/pages"}],"about":[{"href":"https:\/\/zahnzentrum-kronberg.de\/en\/wp-json\/wp\/v2\/types\/page"}],"author":[{"embeddable":true,"href":"https:\/\/zahnzentrum-kronberg.de\/en\/wp-json\/wp\/v2\/users\/2"}],"replies":[{"embeddable":true,"href":"https:\/\/zahnzentrum-kronberg.de\/en\/wp-json\/wp\/v2\/comments?post=119030"}],"version-history":[{"count":1,"href":"https:\/\/zahnzentrum-kronberg.de\/en\/wp-json\/wp\/v2\/pages\/119030\/revisions"}],"predecessor-version":[{"id":119031,"href":"https:\/\/zahnzentrum-kronberg.de\/en\/wp-json\/wp\/v2\/pages\/119030\/revisions\/119031"}],"wp:featuredmedia":[{"embeddable":true,"href":"https:\/\/zahnzentrum-kronberg.de\/en\/wp-json\/wp\/v2\/media\/118854"}],"wp:attachment":[{"href":"https:\/\/zahnzentrum-kronberg.de\/en\/wp-json\/wp\/v2\/media?parent=119030"}],"wp:term":[{"taxonomy":"folder","embeddable":true,"href":"https:\/\/zahnzentrum-kronberg.de\/en\/wp-json\/wp\/v2\/folder?post=119030"}],"curies":[{"name":"wp","href":"https:\/\/api.w.org\/{rel}","templated":true}]}}